{"id":391,"date":"2015-07-28T07:48:44","date_gmt":"2015-07-28T07:48:44","guid":{"rendered":"http:\/\/kidsplanet.ancorathemes.com\/?post_type=product&#038;p=391"},"modified":"2017-12-30T07:48:26","modified_gmt":"2017-12-30T06:48:26","slug":"lettersaurus","status":"publish","type":"product","link":"https:\/\/bezpieczneprzedszkole.com.pl\/index.php\/produkt\/lettersaurus\/","title":{"rendered":"Apteczka Bezpiecznego Przedszkola"},"content":{"rendered":"<p>Kiedy grupa wychodzi na spacer, b\u0105d\u017a jedzie na wycieczk\u0119 doskona\u0142ym dodatkiem jest niewielka apteczka, kt\u00f3r\u0105 z dum\u0105 mo\u017ce nosi\u0107 wybrany \u201esanitariusz\u201d. Do apteczki zmieszcz\u0105 si\u0119 podstawowe materia\u0142y: butelka wody, banda\u017c, plasterki, chusteczki higieniczne (nie wchodz\u0105 w sk\u0142ad apteczki).<br \/>\nChlebaczek uszyty jest z odpornej na zniszczenie tkaniny z logiem Bezpiecznego Przedszkola. Mo\u017ce by\u0107 prana. Atrakcj\u0105 zamawianej apteczki jest mo\u017cliwo\u015b\u0107 umieszczenia Waszego loga. Apteczka mo\u017ce by\u0107 r\u00f3wnie\u017c \u015bwietnym prezentem dla przedszkolaka np. na koniec przedszkolnej kariery. Wtedy mo\u017cemy umie\u015bci\u0107 imi\u0119 i nazwisko dziecka a nawet jego zdj\u0119cie. Dzi\u0119ki temu powstanie niezapomniana oryginalna pami\u0105tka.<br \/>\nApteczka Przedszkolaka &#8211; 35 PLN brutto, <strong>dodatkowe nadruki gratis<\/strong>.    <\/p>\n","protected":false},"excerpt":{"rendered":"<p>Kiedy grupa wychodzi na spacer, b\u0105d\u017a jedzie na wycieczk\u0119 doskona\u0142ym dodatkiem jest niewielka apteczka, kt\u00f3r\u0105 z dum\u0105 mo\u017ce nosi\u0107 wybrany \u201esanitariusz\u201d. Do apteczki zmieszcz\u0105 si\u0119 podstawowe materia\u0142y: butelka wody, banda\u017c, plasterki, chusteczki higieniczne (nie wchodz\u0105 w sk\u0142ad apteczki).<\/p>\n","protected":false},"featured_media":1317,"comment_status":"open","ping_status":"closed","template":"","meta":[],"product_cat":[153,166,154],"product_tag":[155],"_links":{"self":[{"href":"https:\/\/bezpieczneprzedszkole.com.pl\/index.php\/wp-json\/wp\/v3\/product\/391"}],"collection":[{"href":"https:\/\/bezpieczneprzedszkole.com.pl\/index.php\/wp-json\/wp\/v3\/product"}],"about":[{"href":"https:\/\/bezpieczneprzedszkole.com.pl\/index.php\/wp-json\/wp\/v2\/types\/product"}],"replies":[{"embeddable":true,"href":"https:\/\/bezpieczneprzedszkole.com.pl\/index.php\/wp-json\/wp\/v2\/comments?post=391"}],"wp:featuredmedia":[{"embeddable":true,"href":"https:\/\/bezpieczneprzedszkole.com.pl\/index.php\/wp-json\/wp\/v2\/media\/1317"}],"wp:attachment":[{"href":"https:\/\/bezpieczneprzedszkole.com.pl\/index.php\/wp-json\/wp\/v2\/media?parent=391"}],"wp:term":[{"taxonomy":"product_cat","embeddable":true,"href":"https:\/\/bezpieczneprzedszkole.com.pl\/index.php\/wp-json\/wp\/v2\/product_cat?post=391"},{"taxonomy":"product_tag","embeddable":true,"href":"https:\/\/bezpieczneprzedszkole.com.pl\/index.php\/wp-json\/wp\/v2\/product_tag?post=391"}],"curies":[{"name":"wp","href":"https:\/\/api.w.org\/{rel}","templated":true}]}}