{"id":390,"date":"2015-07-28T07:48:29","date_gmt":"2015-07-28T07:48:29","guid":{"rendered":"http:\/\/kidsplanet.ancorathemes.com\/?post_type=product&#038;p=390"},"modified":"2017-12-30T07:48:26","modified_gmt":"2017-12-30T06:48:26","slug":"bezpieczna-skrzynia-zestaw-do-zabaw-tematycznych","status":"publish","type":"product","link":"https:\/\/bezpieczneprzedszkole.com.pl\/index.php\/produkt\/bezpieczna-skrzynia-zestaw-do-zabaw-tematycznych\/","title":{"rendered":"Bezpieczna skrzynia &#8211; zestaw do zabaw tematycznych"},"content":{"rendered":"<p>Dzieci bardzo lubi\u0105 odgrywa\u0107 r\u00f3\u017cne role, w kt\u00f3re bardzo dobrze si\u0119 wcielaj\u0105 szczeg\u00f3lnie, gdy mog\u0105 si\u0119 przebra\u0107 za dan\u0105 posta\u0107. Dlatego warto mie\u0107 w przedszkolu skrzyni\u0119 z r\u00f3\u017cnymi rekwizytami i strojami. Skrzynia zawiera przedmioty i zabawki odpowiadaj\u0105ce \u201eprawdziwym\u201d wersjom przedmiot\u00f3w u\u017cywanych zwykle w sytuacji zagro\u017cenia oraz ucz\u0105ce dzieci w\u0142a\u015bciwego zachowania zwi\u0105zanego ze zdrowiem i bezpiecze\u0144stwem:<\/p>\n<ul>\n<li>str\u00f3j policjanta (koszulka wk\u0142adana przez g\u0142ow\u0119 &#8211; zobacz tekstylne miasteczko drogowe i czapka)<\/li>\n<li>str\u00f3j stra\u017caka (koszulka wk\u0142adana przez g\u0142ow\u0119, kask<\/li>\n<li>dwa bia\u0142e fartuchy (dla lekarza i piel\u0119gniarki)<\/li>\n<li>apteczka pierwszej pomocy (oryginalna)<\/li>\n<li>zestaw lekarski (termometr do pomiaru temperatury na czole, prawdziwy i trwa\u0142y stetoskop, strzykawka jednorazowa, etykietki na imiona)<\/li>\n<li>telefon zabawkowy<\/li>\n<li>bloczek, d\u0142ugopis<\/li>\n<li>numery telefon\u00f3w alarmowych<\/li>\n<\/ul>\n<p>Do zestawu do\u0142\u0105czamy broszurk\u0119 z propozycjami zabaw, w kt\u00f3re mog\u0105 bawi\u0107 si\u0119 dzieci, je\u015bli dostarczymy im wiedz\u0119 lub pobudzimy wyobra\u017ani\u0119.    <\/p>\n","protected":false},"excerpt":{"rendered":"<p>Dzieci bardzo lubi\u0105 odgrywa\u0107 r\u00f3\u017cne role, w kt\u00f3re bardzo dobrze si\u0119 wcielaj\u0105 szczeg\u00f3lnie, gdy mog\u0105 si\u0119 przebra\u0107 za dan\u0105 posta\u0107. Dlatego warto mie\u0107 w przedszkolu skrzyni\u0119 z r\u00f3\u017cnymi rekwizytami i strojami.<\/p>\n","protected":false},"featured_media":1319,"comment_status":"open","ping_status":"closed","template":"","meta":[],"product_cat":[153,166,154],"product_tag":[],"_links":{"self":[{"href":"https:\/\/bezpieczneprzedszkole.com.pl\/index.php\/wp-json\/wp\/v3\/product\/390"}],"collection":[{"href":"https:\/\/bezpieczneprzedszkole.com.pl\/index.php\/wp-json\/wp\/v3\/product"}],"about":[{"href":"https:\/\/bezpieczneprzedszkole.com.pl\/index.php\/wp-json\/wp\/v2\/types\/product"}],"replies":[{"embeddable":true,"href":"https:\/\/bezpieczneprzedszkole.com.pl\/index.php\/wp-json\/wp\/v2\/comments?post=390"}],"wp:featuredmedia":[{"embeddable":true,"href":"https:\/\/bezpieczneprzedszkole.com.pl\/index.php\/wp-json\/wp\/v2\/media\/1319"}],"wp:attachment":[{"href":"https:\/\/bezpieczneprzedszkole.com.pl\/index.php\/wp-json\/wp\/v2\/media?parent=390"}],"wp:term":[{"taxonomy":"product_cat","embeddable":true,"href":"https:\/\/bezpieczneprzedszkole.com.pl\/index.php\/wp-json\/wp\/v2\/product_cat?post=390"},{"taxonomy":"product_tag","embeddable":true,"href":"https:\/\/bezpieczneprzedszkole.com.pl\/index.php\/wp-json\/wp\/v2\/product_tag?post=390"}],"curies":[{"name":"wp","href":"https:\/\/api.w.org\/{rel}","templated":true}]}}