{"id":386,"date":"2015-07-28T07:46:49","date_gmt":"2015-07-28T07:46:49","guid":{"rendered":"http:\/\/kidsplanet.ancorathemes.com\/?post_type=product&#038;p=386"},"modified":"2017-12-30T07:48:27","modified_gmt":"2017-12-30T06:48:27","slug":"bezpieczny-teatrzyk","status":"publish","type":"product","link":"https:\/\/bezpieczneprzedszkole.com.pl\/index.php\/produkt\/bezpieczny-teatrzyk\/","title":{"rendered":"Bezpieczny teatrzyk"},"content":{"rendered":"<p>Nasz teatrzyk to dziesi\u0119\u0107 kolorowych figurek wykonanych z PCV przedstawiaj\u0105cych: mam\u0119, tat\u0119, babci\u0119 (lub obc\u0105 osob\u0119), Zuzi\u0119, Wojtka, kota Iskr\u0119, psa Nera,lekarza, policjanta i stra\u017caka. Figurki zaprojektowa\u0142 Marcin Skoczek. Do figurek do\u0142\u0105czona jest ksi\u0105\u017ceczka z 10 scenariuszami przedstawie\u0144 dydaktycznych. Tytu\u0142y przedstawie\u0144:<\/p>\n<ul>\n<li>Labirynt w galerii<\/li>\n<li>Lewa noga i czekoladki<\/li>\n<li>Na ulicy<\/li>\n<li>Niebezpieczne zabawy<\/li>\n<li>Ostrzegacz pasowy<\/li>\n<li>Pies w parku<\/li>\n<li>Po\u017car<\/li>\n<li>Wojtek u dentysty<\/li>\n<li>Wypadek<\/li>\n<li>Zuzia i Nero.<\/li>\n<\/ul>\n<p>Scenki oparte s\u0105 na opowiadaniach Piotra Gabrysza (do \u015bci\u0105gni\u0119cia z naszej strony). Figurki z teatrzyku doskonale nadaj\u0105 si\u0119 r\u00f3wnie\u017c do odtwarzania innych, autorskich przedstawie\u0144, zabawy w\u0142asnej dzieci. Wykorzystanie Bezpiecznego Teatrzyku ograniczone jest tylko kreatywno\u015bci\u0105 dzieci i nauczycieli.    <\/p>\n","protected":false},"excerpt":{"rendered":"<p>Bezpieczny Teatrzyk- Nasz teatrzyk to dziesi\u0119\u0107 kolorowych figurek wykonanych z PCV przedstawiaj\u0105cych: mam\u0119, tat\u0119, babci\u0119 (lub obc\u0105 osob\u0119), Zuzi\u0119, Wojtka, kota Iskr\u0119, psa Nera,lekarza, policjanta i stra\u017caka. Figurki zaprojektowa\u0142 Marcin Skoczek. Do figurek do\u0142\u0105czona jest ksi\u0105\u017ceczka z 10 scenariuszami przedstawie\u0144 dydaktycznych.<\/p>\n","protected":false},"featured_media":1324,"comment_status":"open","ping_status":"closed","template":"","meta":[],"product_cat":[153,166,154],"product_tag":[157],"_links":{"self":[{"href":"https:\/\/bezpieczneprzedszkole.com.pl\/index.php\/wp-json\/wp\/v3\/product\/386"}],"collection":[{"href":"https:\/\/bezpieczneprzedszkole.com.pl\/index.php\/wp-json\/wp\/v3\/product"}],"about":[{"href":"https:\/\/bezpieczneprzedszkole.com.pl\/index.php\/wp-json\/wp\/v2\/types\/product"}],"replies":[{"embeddable":true,"href":"https:\/\/bezpieczneprzedszkole.com.pl\/index.php\/wp-json\/wp\/v2\/comments?post=386"}],"wp:featuredmedia":[{"embeddable":true,"href":"https:\/\/bezpieczneprzedszkole.com.pl\/index.php\/wp-json\/wp\/v2\/media\/1324"}],"wp:attachment":[{"href":"https:\/\/bezpieczneprzedszkole.com.pl\/index.php\/wp-json\/wp\/v2\/media?parent=386"}],"wp:term":[{"taxonomy":"product_cat","embeddable":true,"href":"https:\/\/bezpieczneprzedszkole.com.pl\/index.php\/wp-json\/wp\/v2\/product_cat?post=386"},{"taxonomy":"product_tag","embeddable":true,"href":"https:\/\/bezpieczneprzedszkole.com.pl\/index.php\/wp-json\/wp\/v2\/product_tag?post=386"}],"curies":[{"name":"wp","href":"https:\/\/api.w.org\/{rel}","templated":true}]}}