{"id":384,"date":"2015-07-28T07:45:49","date_gmt":"2015-07-28T07:45:49","guid":{"rendered":"http:\/\/kidsplanet.ancorathemes.com\/?post_type=product&#038;p=384"},"modified":"2017-12-30T07:48:27","modified_gmt":"2017-12-30T06:48:27","slug":"product-1","status":"publish","type":"product","link":"https:\/\/bezpieczneprzedszkole.com.pl\/index.php\/produkt\/product-1\/","title":{"rendered":"Dydaktyczna gra planszowa &#8211; Bezpieczny Przedszkolak &#8211; ma\u0142a"},"content":{"rendered":"<p>Sk\u0142ada si\u0119 z ogromnej 150 x 200 cm planszy PCV do rozk\u0142adania na pod\u0142odze, planszy ma\u0142ej- stolikowej (PCV), du\u017cej, dmuchanej i ma\u0142ej kostki do gry, pionk\u00f3w, kart z pytaniami (32 szt.) i instrukcji z kilkoma wariantami gry. Plansze wydrukowane s\u0105 na wysokiej jako\u015bci materiale banerowym, nadaj\u0105 si\u0119 do czyszczenia wilgotn\u0105 \u015bciereczk\u0105.<br \/>\nW Bezpiecznego Przedszkolaka gra\u0107 mo\u017cna grupowo lub indywidualnie, a gra polega na przechodzeniu przez poszczeg\u00f3lne pola planszy i odpowiadanie na pytania z kart. Pytania podzielone s\u0105 na cztery kategorie: Bezpieczny w podr\u00f3\u017cy, Bezpieczny na wakacjach, Bezpieczny w domu, Ma\u0142y ratownik.<br \/>\nGra uczy dzieci podstawowych zasad bezpiecznego zachowania w domu, w podr\u00f3\u017cy, na wakacjach oraz dostarcza wiedz\u0119, jak nale\u017cy zachowa\u0107 si\u0119 podczas wypadku. Ponadto dzieci ucz\u0105 si\u0119 wsp\u00f3\u0142dzia\u0142ania w zespole, logicznego my\u015blenia oraz przeliczania do sze\u015bciu. Du\u017c\u0105 plansz\u0119 mo\u017cna wykorzystywa\u0107 podczas innych zabaw i zaj\u0119\u0107.<br \/>\nGra spakowana jest w ekologiczne, kartonowe pude\u0142ko oraz kartonow\u0105 tub\u0119 150 cm, w kt\u00f3rej du\u017c\u0105 plansz\u0119 mo\u017cemy przechowywa\u0107 bez konieczno\u015bci sk\u0142adania i ryzyka uszkodzenia<br \/>\nGr\u0119 sprzedajemy w dw\u00f3ch wariantach:<\/p>\n<ul>\n<li>pe\u0142nym (du\u017ca i ma\u0142a plansza) 370 PLN brutto<\/li>\n<li>stolikowym (ma\u0142a plansza) 65 PLN brutto.<\/li>\n<\/ul>\n<p>Plus koszty wysy\u0142ki    <\/p>\n","protected":false},"excerpt":{"rendered":"<p>Sk\u0142ada si\u0119 z ogromnej 150 x 200 cm planszy PCV do rozk\u0142adania na pod\u0142odze, planszy ma\u0142ej- stolikowej (PCV), du\u017cej, dmuchanej i ma\u0142ej kostki do gry, pionk\u00f3w, kart z pytaniami (32 szt.) i instrukcji z kilkoma wariantami gry. Plansze wydrukowane s\u0105 na wysokiej jako\u015bci materiale banerowym, nadaj\u0105 si\u0119 do czyszczenia wilgotn\u0105 \u015bciereczk\u0105.<br \/>\nW Bezpiecznego Przedszkolaka gra\u0107 mo\u017cna grupowo lub indywidualnie, a gra polega na przechodzeniu przez poszczeg\u00f3lne pola planszy i odpowiadanie na pytania z kart. Pytania podzielone s\u0105 na cztery kategorie: Bezpieczny w podr\u00f3\u017cy, Bezpieczny na wakacjach, Bezpieczny w domu, Ma\u0142y ratownik.<br \/>\nGra uczy dzieci podstawowych zasad bezpiecznego zachowania w domu, w podr\u00f3\u017cy, na wakacjach oraz dostarcza wiedz\u0119, jak nale\u017cy zachowa\u0107 si\u0119 podczas wypadku. Ponadto dzieci ucz\u0105 si\u0119 wsp\u00f3\u0142dzia\u0142ania w zespole, logicznego my\u015blenia oraz przeliczania do sze\u015bciu. Du\u017c\u0105 plansz\u0119 mo\u017cna wykorzystywa\u0107 podczas innych zabaw i zaj\u0119\u0107.<\/p>\n","protected":false},"featured_media":1342,"comment_status":"open","ping_status":"closed","template":"","meta":[],"product_cat":[153,166,154],"product_tag":[161],"_links":{"self":[{"href":"https:\/\/bezpieczneprzedszkole.com.pl\/index.php\/wp-json\/wp\/v3\/product\/384"}],"collection":[{"href":"https:\/\/bezpieczneprzedszkole.com.pl\/index.php\/wp-json\/wp\/v3\/product"}],"about":[{"href":"https:\/\/bezpieczneprzedszkole.com.pl\/index.php\/wp-json\/wp\/v2\/types\/product"}],"replies":[{"embeddable":true,"href":"https:\/\/bezpieczneprzedszkole.com.pl\/index.php\/wp-json\/wp\/v2\/comments?post=384"}],"wp:featuredmedia":[{"embeddable":true,"href":"https:\/\/bezpieczneprzedszkole.com.pl\/index.php\/wp-json\/wp\/v2\/media\/1342"}],"wp:attachment":[{"href":"https:\/\/bezpieczneprzedszkole.com.pl\/index.php\/wp-json\/wp\/v2\/media?parent=384"}],"wp:term":[{"taxonomy":"product_cat","embeddable":true,"href":"https:\/\/bezpieczneprzedszkole.com.pl\/index.php\/wp-json\/wp\/v2\/product_cat?post=384"},{"taxonomy":"product_tag","embeddable":true,"href":"https:\/\/bezpieczneprzedszkole.com.pl\/index.php\/wp-json\/wp\/v2\/product_tag?post=384"}],"curies":[{"name":"wp","href":"https:\/\/api.w.org\/{rel}","templated":true}]}}