{"id":1678,"date":"2018-02-12T20:27:23","date_gmt":"2018-02-12T19:27:23","guid":{"rendered":"http:\/\/bezpieczneprzedszkole.com\/?post_type=product&#038;p=1678"},"modified":"2018-02-12T20:31:52","modified_gmt":"2018-02-12T19:31:52","slug":"gra-planszowa-moje-emocje","status":"publish","type":"product","link":"https:\/\/bezpieczneprzedszkole.com.pl\/index.php\/produkt\/gra-planszowa-moje-emocje\/","title":{"rendered":"Gra planszowa &#8222;Moje Emocje&#8221;"},"content":{"rendered":"<p><img decoding=\"async\" loading=\"lazy\" class=\"size-medium wp-image-1660 alignleft\" src=\"http:\/\/bezpieczneprzedszkole.com\/wp-content\/uploads\/2018\/02\/Gra_dydaktyczna_plansza_Emocje-01-300x236.jpg\" alt=\"\" width=\"300\" height=\"236\" srcset=\"https:\/\/bezpieczneprzedszkole.com.pl\/wp-content\/uploads\/2018\/02\/Gra_dydaktyczna_plansza_Emocje-01-300x236.jpg 300w, https:\/\/bezpieczneprzedszkole.com.pl\/wp-content\/uploads\/2018\/02\/Gra_dydaktyczna_plansza_Emocje-01-768x605.jpg 768w, https:\/\/bezpieczneprzedszkole.com.pl\/wp-content\/uploads\/2018\/02\/Gra_dydaktyczna_plansza_Emocje-01-1024x807.jpg 1024w, https:\/\/bezpieczneprzedszkole.com.pl\/wp-content\/uploads\/2018\/02\/Gra_dydaktyczna_plansza_Emocje-01-370x292.jpg 370w, https:\/\/bezpieczneprzedszkole.com.pl\/wp-content\/uploads\/2018\/02\/Gra_dydaktyczna_plansza_Emocje-01-1170x922.jpg 1170w, https:\/\/bezpieczneprzedszkole.com.pl\/wp-content\/uploads\/2018\/02\/Gra_dydaktyczna_plansza_Emocje-01-870x686.jpg 870w, https:\/\/bezpieczneprzedszkole.com.pl\/wp-content\/uploads\/2018\/02\/Gra_dydaktyczna_plansza_Emocje-01-390x307.jpg 390w, https:\/\/bezpieczneprzedszkole.com.pl\/wp-content\/uploads\/2018\/02\/Gra_dydaktyczna_plansza_Emocje-01.jpg 2048w\" sizes=\"(max-width: 300px) 100vw, 300px\" \/>Gra planszowa \u201dMoje emocje\u201d. Gra rozwija u dzieci inteligencj\u0119 emocjonaln\u0105. Uczy rozr\u00f3\u017cniania podstawowych emocji, wyra\u017cania ich mimik\u0105 i gestem. Uczy w\u0142a\u015bciwego odczytywania uczu\u0107 innych os\u00f3b. Pokazuje, \u017ce ka\u017cdy z nas mo\u017ce w takiej samej sytuacji prze\u017cywa\u0107 r\u00f3\u017cne emocje. Rozwija empati\u0119. Daje mo\u017cliwo\u015b\u0107 m\u00f3wienia o tym co czujemy w danej sytuacji. Uczy wsp\u00f3\u0142dzia\u0142ania w grupie.<br \/>\nGra przeznaczona jest dla dzieci od 5 roku \u017cycia. Mo\u017ce w ni\u0105 gra\u0107 od 2 do 4 graczy lub 4 dru\u017cyny.<br \/>\nZawarto\u015b\u0107 gry:<br \/>\nDu\u017ca plansza 1,50mx2m<br \/>\nMa\u0142a plansza<br \/>\nKarty z postaciami ch\u0142opca i dziewczynki wyra\u017caj\u0105cymi podstawowe emocje<br \/>\nKarty z zadaniami<br \/>\nKostka do gry<br \/>\npionki<br \/>\nJe\u015bli plac\u00f3wka ma du\u017c\u0105 plansz\u0119 do gry \u201eBezpieczny przedszkolak\u201d mo\u017ce tylko dokupi\u0107 karty \u201eMoje emocje\u201d oraz karty z zadaniami i ju\u017c mo\u017cna dzieci wprowadza\u0107 w \u015bwiat emocji.<\/p>\n<p><img decoding=\"async\" loading=\"lazy\" class=\"alignnone size-medium wp-image-1669\" src=\"http:\/\/bezpieczneprzedszkole.com\/wp-content\/uploads\/2018\/02\/Karty_do_gry_emocje_55x85_Strona_17-199x300.jpg\" alt=\"\" width=\"199\" height=\"300\" srcset=\"https:\/\/bezpieczneprzedszkole.com.pl\/wp-content\/uploads\/2018\/02\/Karty_do_gry_emocje_55x85_Strona_17-199x300.jpg 199w, https:\/\/bezpieczneprzedszkole.com.pl\/wp-content\/uploads\/2018\/02\/Karty_do_gry_emocje_55x85_Strona_17-768x1159.jpg 768w, https:\/\/bezpieczneprzedszkole.com.pl\/wp-content\/uploads\/2018\/02\/Karty_do_gry_emocje_55x85_Strona_17-678x1024.jpg 678w, https:\/\/bezpieczneprzedszkole.com.pl\/wp-content\/uploads\/2018\/02\/Karty_do_gry_emocje_55x85_Strona_17-390x589.jpg 390w, https:\/\/bezpieczneprzedszkole.com.pl\/wp-content\/uploads\/2018\/02\/Karty_do_gry_emocje_55x85_Strona_17-300x453.jpg 300w, https:\/\/bezpieczneprzedszkole.com.pl\/wp-content\/uploads\/2018\/02\/Karty_do_gry_emocje_55x85_Strona_17-370x558.jpg 370w, https:\/\/bezpieczneprzedszkole.com.pl\/wp-content\/uploads\/2018\/02\/Karty_do_gry_emocje_55x85_Strona_17.jpg 848w\" sizes=\"(max-width: 199px) 100vw, 199px\" \/><img decoding=\"async\" loading=\"lazy\" class=\"alignnone size-medium wp-image-1664\" src=\"http:\/\/bezpieczneprzedszkole.com\/wp-content\/uploads\/2018\/02\/Karty_opisowe_do_gry_planszowej_emocje_A5-213x300.jpg\" alt=\"\" width=\"213\" height=\"300\" srcset=\"https:\/\/bezpieczneprzedszkole.com.pl\/wp-content\/uploads\/2018\/02\/Karty_opisowe_do_gry_planszowej_emocje_A5-213x300.jpg 213w, https:\/\/bezpieczneprzedszkole.com.pl\/wp-content\/uploads\/2018\/02\/Karty_opisowe_do_gry_planszowej_emocje_A5-768x1081.jpg 768w, https:\/\/bezpieczneprzedszkole.com.pl\/wp-content\/uploads\/2018\/02\/Karty_opisowe_do_gry_planszowej_emocje_A5-727x1024.jpg 727w, https:\/\/bezpieczneprzedszkole.com.pl\/wp-content\/uploads\/2018\/02\/Karty_opisowe_do_gry_planszowej_emocje_A5-870x1225.jpg 870w, https:\/\/bezpieczneprzedszkole.com.pl\/wp-content\/uploads\/2018\/02\/Karty_opisowe_do_gry_planszowej_emocje_A5-390x549.jpg 390w, https:\/\/bezpieczneprzedszkole.com.pl\/wp-content\/uploads\/2018\/02\/Karty_opisowe_do_gry_planszowej_emocje_A5-300x422.jpg 300w, https:\/\/bezpieczneprzedszkole.com.pl\/wp-content\/uploads\/2018\/02\/Karty_opisowe_do_gry_planszowej_emocje_A5-370x521.jpg 370w, https:\/\/bezpieczneprzedszkole.com.pl\/wp-content\/uploads\/2018\/02\/Karty_opisowe_do_gry_planszowej_emocje_A5.jpg 898w\" sizes=\"(max-width: 213px) 100vw, 213px\" \/><img decoding=\"async\" loading=\"lazy\" class=\"alignnone size-medium wp-image-1663\" src=\"http:\/\/bezpieczneprzedszkole.com\/wp-content\/uploads\/2018\/02\/Karty_do_gry_emocje_55x85_Strona_05-199x300.jpg\" alt=\"\" width=\"199\" height=\"300\" srcset=\"https:\/\/bezpieczneprzedszkole.com.pl\/wp-content\/uploads\/2018\/02\/Karty_do_gry_emocje_55x85_Strona_05-199x300.jpg 199w, https:\/\/bezpieczneprzedszkole.com.pl\/wp-content\/uploads\/2018\/02\/Karty_do_gry_emocje_55x85_Strona_05-768x1159.jpg 768w, https:\/\/bezpieczneprzedszkole.com.pl\/wp-content\/uploads\/2018\/02\/Karty_do_gry_emocje_55x85_Strona_05-678x1024.jpg 678w, https:\/\/bezpieczneprzedszkole.com.pl\/wp-content\/uploads\/2018\/02\/Karty_do_gry_emocje_55x85_Strona_05-390x589.jpg 390w, https:\/\/bezpieczneprzedszkole.com.pl\/wp-content\/uploads\/2018\/02\/Karty_do_gry_emocje_55x85_Strona_05-300x453.jpg 300w, https:\/\/bezpieczneprzedszkole.com.pl\/wp-content\/uploads\/2018\/02\/Karty_do_gry_emocje_55x85_Strona_05-370x558.jpg 370w, https:\/\/bezpieczneprzedszkole.com.pl\/wp-content\/uploads\/2018\/02\/Karty_do_gry_emocje_55x85_Strona_05.jpg 848w\" sizes=\"(max-width: 199px) 100vw, 199px\" \/><\/p>\n<p>&nbsp;    <\/p>\n","protected":false},"excerpt":{"rendered":"<p><img decoding=\"async\" loading=\"lazy\" class=\"size-medium wp-image-1660 alignleft\" src=\"http:\/\/bezpieczneprzedszkole.com\/wp-content\/uploads\/2018\/02\/Gra_dydaktyczna_plansza_Emocje-01-300x236.jpg\" alt=\"\" width=\"300\" height=\"236\" srcset=\"https:\/\/bezpieczneprzedszkole.com.pl\/wp-content\/uploads\/2018\/02\/Gra_dydaktyczna_plansza_Emocje-01-300x236.jpg 300w, https:\/\/bezpieczneprzedszkole.com.pl\/wp-content\/uploads\/2018\/02\/Gra_dydaktyczna_plansza_Emocje-01-768x605.jpg 768w, https:\/\/bezpieczneprzedszkole.com.pl\/wp-content\/uploads\/2018\/02\/Gra_dydaktyczna_plansza_Emocje-01-1024x807.jpg 1024w, https:\/\/bezpieczneprzedszkole.com.pl\/wp-content\/uploads\/2018\/02\/Gra_dydaktyczna_plansza_Emocje-01-370x292.jpg 370w, https:\/\/bezpieczneprzedszkole.com.pl\/wp-content\/uploads\/2018\/02\/Gra_dydaktyczna_plansza_Emocje-01-1170x922.jpg 1170w, https:\/\/bezpieczneprzedszkole.com.pl\/wp-content\/uploads\/2018\/02\/Gra_dydaktyczna_plansza_Emocje-01-870x686.jpg 870w, https:\/\/bezpieczneprzedszkole.com.pl\/wp-content\/uploads\/2018\/02\/Gra_dydaktyczna_plansza_Emocje-01-390x307.jpg 390w, https:\/\/bezpieczneprzedszkole.com.pl\/wp-content\/uploads\/2018\/02\/Gra_dydaktyczna_plansza_Emocje-01.jpg 2048w\" sizes=\"(max-width: 300px) 100vw, 300px\" \/>Gra planszowa \u201dMoje emocje\u201d. Gra rozwija u dzieci inteligencj\u0119 emocjonaln\u0105. Uczy rozr\u00f3\u017cniania podstawowych emocji, wyra\u017cania ich mimik\u0105 i gestem<\/p>\n","protected":false},"featured_media":1660,"comment_status":"closed","ping_status":"closed","template":"","meta":[],"product_cat":[186],"product_tag":[189,187,188],"_links":{"self":[{"href":"https:\/\/bezpieczneprzedszkole.com.pl\/index.php\/wp-json\/wp\/v3\/product\/1678"}],"collection":[{"href":"https:\/\/bezpieczneprzedszkole.com.pl\/index.php\/wp-json\/wp\/v3\/product"}],"about":[{"href":"https:\/\/bezpieczneprzedszkole.com.pl\/index.php\/wp-json\/wp\/v2\/types\/product"}],"replies":[{"embeddable":true,"href":"https:\/\/bezpieczneprzedszkole.com.pl\/index.php\/wp-json\/wp\/v2\/comments?post=1678"}],"wp:featuredmedia":[{"embeddable":true,"href":"https:\/\/bezpieczneprzedszkole.com.pl\/index.php\/wp-json\/wp\/v2\/media\/1660"}],"wp:attachment":[{"href":"https:\/\/bezpieczneprzedszkole.com.pl\/index.php\/wp-json\/wp\/v2\/media?parent=1678"}],"wp:term":[{"taxonomy":"product_cat","embeddable":true,"href":"https:\/\/bezpieczneprzedszkole.com.pl\/index.php\/wp-json\/wp\/v2\/product_cat?post=1678"},{"taxonomy":"product_tag","embeddable":true,"href":"https:\/\/bezpieczneprzedszkole.com.pl\/index.php\/wp-json\/wp\/v2\/product_tag?post=1678"}],"curies":[{"name":"wp","href":"https:\/\/api.w.org\/{rel}","templated":true}]}}