{"id":1340,"date":"2017-12-30T07:35:35","date_gmt":"2017-12-30T06:35:35","guid":{"rendered":"http:\/\/bezpieczneprzedszkole.com\/?post_type=product&#038;p=1340"},"modified":"2017-12-30T07:35:35","modified_gmt":"2017-12-30T06:35:35","slug":"tekstylne-miasteczko-drogowe-2","status":"publish","type":"product","link":"https:\/\/bezpieczneprzedszkole.com.pl\/index.php\/produkt\/tekstylne-miasteczko-drogowe-2\/","title":{"rendered":"Tekstylne Miasteczko Drogowe 2"},"content":{"rendered":"<p>Tekstylne Miasteczko Drogowe cz. II- Pi\u0119\u0107 kolejnych koszulek do Tekstylnego Miasteczka Drogowego:<\/p>\n<ul>\n<li>Policjant,<\/li>\n<li>Stra\u017cak,<\/li>\n<li>Samoch\u00f3d osobowy,<\/li>\n<li>Autobus,<\/li>\n<li>\u015awiat\u0142a na przej\u015bciu dla pieszych.<\/li>\n<\/ul>\n<p>Wykonane t\u0105 sam\u0105 technik\u0105 i z tego samego materia\u0142u co podstawowe Miasteczko Drogowe. Teraz jeszcze lepsza zabawa i edukacja. \u0141\u0105cznie jedena\u015bcie koszulek do wyboru! Mo\u017cna zamawia\u0107 w komplecie, jak r\u00f3wnie\u017c wybrane elementy.    <\/p>\n","protected":false},"excerpt":{"rendered":"<p>Tekstylne Miasteczko Drogowe cz. II- Pi\u0119\u0107 kolejnych koszulek do Tekstylnego Miasteczka Drogowego:<\/p>\n<ul>\n<li>Policjant,<\/li>\n<li>Stra\u017cak,<\/li>\n<li>Samoch\u00f3d osobowy,<\/li>\n<li>Autobus,<\/li>\n<li>\u015awiat\u0142a na przej\u015bciu dla pieszych.<\/li>\n<\/ul>\n<p>Wykonane t\u0105 sam\u0105 technik\u0105 i z tego samego materia\u0142u co podstawowe Miasteczko Drogowe. Teraz jeszcze lepsza zabawa i edukacja. \u0141\u0105cznie jedena\u015bcie koszulek do wyboru! Mo\u017cna zamawia\u0107 w komplecie, jak r\u00f3wnie\u017c wybrane elementy.<\/p>\n","protected":false},"featured_media":1341,"comment_status":"closed","ping_status":"closed","template":"","meta":[],"product_cat":[153,166,154],"product_tag":[168],"_links":{"self":[{"href":"https:\/\/bezpieczneprzedszkole.com.pl\/index.php\/wp-json\/wp\/v3\/product\/1340"}],"collection":[{"href":"https:\/\/bezpieczneprzedszkole.com.pl\/index.php\/wp-json\/wp\/v3\/product"}],"about":[{"href":"https:\/\/bezpieczneprzedszkole.com.pl\/index.php\/wp-json\/wp\/v2\/types\/product"}],"replies":[{"embeddable":true,"href":"https:\/\/bezpieczneprzedszkole.com.pl\/index.php\/wp-json\/wp\/v2\/comments?post=1340"}],"wp:featuredmedia":[{"embeddable":true,"href":"https:\/\/bezpieczneprzedszkole.com.pl\/index.php\/wp-json\/wp\/v2\/media\/1341"}],"wp:attachment":[{"href":"https:\/\/bezpieczneprzedszkole.com.pl\/index.php\/wp-json\/wp\/v2\/media?parent=1340"}],"wp:term":[{"taxonomy":"product_cat","embeddable":true,"href":"https:\/\/bezpieczneprzedszkole.com.pl\/index.php\/wp-json\/wp\/v2\/product_cat?post=1340"},{"taxonomy":"product_tag","embeddable":true,"href":"https:\/\/bezpieczneprzedszkole.com.pl\/index.php\/wp-json\/wp\/v2\/product_tag?post=1340"}],"curies":[{"name":"wp","href":"https:\/\/api.w.org\/{rel}","templated":true}]}}