{"id":1337,"date":"2017-12-30T07:30:39","date_gmt":"2017-12-30T06:30:39","guid":{"rendered":"http:\/\/bezpieczneprzedszkole.com\/?post_type=product&#038;p=1337"},"modified":"2017-12-30T07:30:39","modified_gmt":"2017-12-30T06:30:39","slug":"tablica-z-logo-bezpiecznego-przedszkola","status":"publish","type":"product","link":"https:\/\/bezpieczneprzedszkole.com.pl\/index.php\/produkt\/tablica-z-logo-bezpiecznego-przedszkola\/","title":{"rendered":"Tablica z logo Bezpiecznego Przedszkola"},"content":{"rendered":"<p>Tablica z logo Bezpiecznego Przedszkola. Wykonana z trwa\u0142ego PCV. Format A2. Nie blakn\u0105ce kolory. Do zawieszenia zar\u00f3wno wewn\u0105trz jak i na zewn\u0105trz plac\u00f3wki realizuj\u0105cej program.    <\/p>\n","protected":false},"excerpt":{"rendered":"<p>Tablica z logo Bezpiecznego Przedszkola. Wykonana z trwa\u0142ego PCV. Format A2. Nie blakn\u0105ce kolory. Do zawieszenia zar\u00f3wno wewn\u0105trz jak i na zewn\u0105trz plac\u00f3wki realizuj\u0105cej program.<\/p>\n","protected":false},"featured_media":1324,"comment_status":"closed","ping_status":"closed","template":"","meta":[],"product_cat":[153,166],"product_tag":[167],"_links":{"self":[{"href":"https:\/\/bezpieczneprzedszkole.com.pl\/index.php\/wp-json\/wp\/v3\/product\/1337"}],"collection":[{"href":"https:\/\/bezpieczneprzedszkole.com.pl\/index.php\/wp-json\/wp\/v3\/product"}],"about":[{"href":"https:\/\/bezpieczneprzedszkole.com.pl\/index.php\/wp-json\/wp\/v2\/types\/product"}],"replies":[{"embeddable":true,"href":"https:\/\/bezpieczneprzedszkole.com.pl\/index.php\/wp-json\/wp\/v2\/comments?post=1337"}],"wp:featuredmedia":[{"embeddable":true,"href":"https:\/\/bezpieczneprzedszkole.com.pl\/index.php\/wp-json\/wp\/v2\/media\/1324"}],"wp:attachment":[{"href":"https:\/\/bezpieczneprzedszkole.com.pl\/index.php\/wp-json\/wp\/v2\/media?parent=1337"}],"wp:term":[{"taxonomy":"product_cat","embeddable":true,"href":"https:\/\/bezpieczneprzedszkole.com.pl\/index.php\/wp-json\/wp\/v2\/product_cat?post=1337"},{"taxonomy":"product_tag","embeddable":true,"href":"https:\/\/bezpieczneprzedszkole.com.pl\/index.php\/wp-json\/wp\/v2\/product_tag?post=1337"}],"curies":[{"name":"wp","href":"https:\/\/api.w.org\/{rel}","templated":true}]}}