{"id":1335,"date":"2017-12-30T07:25:40","date_gmt":"2017-12-30T06:25:40","guid":{"rendered":"http:\/\/bezpieczneprzedszkole.com\/?post_type=product&#038;p=1335"},"modified":"2017-12-30T07:25:40","modified_gmt":"2017-12-30T06:25:40","slug":"piotr-gabrysz-w-poszukiwaniu-kosmicznego-paliwa","status":"publish","type":"product","link":"https:\/\/bezpieczneprzedszkole.com.pl\/index.php\/produkt\/piotr-gabrysz-w-poszukiwaniu-kosmicznego-paliwa\/","title":{"rendered":"Piotr Gabrysz &#8222;W poszukiwaniu kosmicznego paliwa&#8221;"},"content":{"rendered":"<p>Po serii opowiada\u0144 dost\u0119pnych na stronie Bezpiecznego Przedszkola czas na wi\u0119ksz\u0105 opowie\u015b\u0107. &#8222;W poszukiwaniu kosmicznego paliwa, czyli nocna wyprawa Zuzi&#8221; to 32 stronicowa ksi\u0105\u017ceczka w zabawny spos\u00f3b poruszaj\u0105ca tematyk\u0119 bezpiecze\u0144stwa. Kapitalne ilustracje stworzy\u0142 Marcin Skoczek, grafik i satyryk. Histori\u0119 wymy\u015bli\u0142 i opisa\u0142 Piotr Gabrysz, kt\u00f3rego opowiadania mo\u017cecie przeczyta\u0107 na naszej stronie. Ksi\u0105\u017cka opowiada o spotkaniu Zuzi, sze\u015bciolatki z miasta z tajemniczym przybyszem z obcej planety. Pwtrik, bo tak nazywa si\u0119 kosmita ma problem ze swoim kosmicznym statkiem, a o pomoc prosi Zuzi\u0119&#8230; Opowie\u015b\u0107 pe\u0142na jest zabawnych sytuacji, kt\u00f3re jednocze\u015bnie ucz\u0105 prawid\u0142owego zachowania w r\u00f3\u017cnych sytuacjach. Dost\u0119pna jest r\u00f3wnie\u017c wersja audio w wykonaniu m\u0142odych aktor\u00f3w z PWSF w \u0141odzi i PWST we Wroc\u0142awiu.    <\/p>\n","protected":false},"excerpt":{"rendered":"<p>Po serii opowiada\u0144 dost\u0119pnych na stronie Bezpiecznego Przedszkola czas na wi\u0119ksz\u0105 opowie\u015b\u0107. &#8222;W poszukiwaniu kosmicznego paliwa, czyli nocna wyprawa Zuzi&#8221; to 32 stronicowa ksi\u0105\u017ceczka w zabawny spos\u00f3b poruszaj\u0105ca tematyk\u0119 bezpiecze\u0144stwa. Kapitalne ilustracje stworzy\u0142 Marcin Skoczek, grafik i satyryk. Histori\u0119 wymy\u015bli\u0142 i opisa\u0142 Piotr Gabrysz, kt\u00f3rego opowiadania mo\u017cecie przeczyta\u0107 na naszej stronie. Ksi\u0105\u017cka opowiada o spotkaniu Zuzi, sze\u015bciolatki z miasta z tajemniczym przybyszem z obcej planety. Pwtrik, bo tak nazywa si\u0119 kosmita ma problem ze swoim kosmicznym statkiem, a o pomoc prosi Zuzi\u0119&#8230; Opowie\u015b\u0107 pe\u0142na jest zabawnych sytuacji, kt\u00f3re jednocze\u015bnie ucz\u0105 prawid\u0142owego zachowania w r\u00f3\u017cnych sytuacjach. Dost\u0119pna jest r\u00f3wnie\u017c wersja audio w wykonaniu m\u0142odych aktor\u00f3w z PWSF w \u0141odzi i PWST we Wroc\u0142awiu.<\/p>\n","protected":false},"featured_media":1336,"comment_status":"closed","ping_status":"closed","template":"","meta":[],"product_cat":[151,153],"product_tag":[165],"_links":{"self":[{"href":"https:\/\/bezpieczneprzedszkole.com.pl\/index.php\/wp-json\/wp\/v3\/product\/1335"}],"collection":[{"href":"https:\/\/bezpieczneprzedszkole.com.pl\/index.php\/wp-json\/wp\/v3\/product"}],"about":[{"href":"https:\/\/bezpieczneprzedszkole.com.pl\/index.php\/wp-json\/wp\/v2\/types\/product"}],"replies":[{"embeddable":true,"href":"https:\/\/bezpieczneprzedszkole.com.pl\/index.php\/wp-json\/wp\/v2\/comments?post=1335"}],"wp:featuredmedia":[{"embeddable":true,"href":"https:\/\/bezpieczneprzedszkole.com.pl\/index.php\/wp-json\/wp\/v2\/media\/1336"}],"wp:attachment":[{"href":"https:\/\/bezpieczneprzedszkole.com.pl\/index.php\/wp-json\/wp\/v2\/media?parent=1335"}],"wp:term":[{"taxonomy":"product_cat","embeddable":true,"href":"https:\/\/bezpieczneprzedszkole.com.pl\/index.php\/wp-json\/wp\/v2\/product_cat?post=1335"},{"taxonomy":"product_tag","embeddable":true,"href":"https:\/\/bezpieczneprzedszkole.com.pl\/index.php\/wp-json\/wp\/v2\/product_tag?post=1335"}],"curies":[{"name":"wp","href":"https:\/\/api.w.org\/{rel}","templated":true}]}}