{"id":1333,"date":"2017-12-30T07:21:43","date_gmt":"2017-12-30T06:21:43","guid":{"rendered":"http:\/\/bezpieczneprzedszkole.com\/?post_type=product&#038;p=1333"},"modified":"2017-12-30T07:21:43","modified_gmt":"2017-12-30T06:21:43","slug":"koszulka-przewodnika-wycieczki","status":"publish","type":"product","link":"https:\/\/bezpieczneprzedszkole.com.pl\/index.php\/produkt\/koszulka-przewodnika-wycieczki\/","title":{"rendered":"Koszulka przewodnika wycieczki"},"content":{"rendered":"<p>Koszulka wykonana z odpornego poliestru. Nak\u0142adana przez g\u0142ow\u0119, bez szw\u00f3w bocznych, dzi\u0119ki czemu nadaje si\u0119 do za\u0142o\u017cenia r\u00f3wnie\u017c na grube, zimowe ubranie. Nie kr\u0119puje ruch\u00f3w. Od 4 lat (zobacz te\u017c Tekstylne Miasteczko Drogowe I i II). Koszulka doskonale sprawdza si\u0119 podczas plenerowych wycieczek.Dzi\u0119ki odblaskowym elementom \u015bwietnie nadaje si\u0119 do oznaczenia grupy z przodu i z ty\u0142u kolumny.    <\/p>\n","protected":false},"excerpt":{"rendered":"<p>Koszulka wykonana z odpornego poliestru. Nak\u0142adana przez g\u0142ow\u0119, bez szw\u00f3w bocznych, dzi\u0119ki czemu nadaje si\u0119 do za\u0142o\u017cenia r\u00f3wnie\u017c na grube, zimowe ubranie. Nie kr\u0119puje ruch\u00f3w. Od 4 lat (zobacz te\u017c Tekstylne Miasteczko Drogowe I i II). Koszulka doskonale sprawdza si\u0119 podczas plenerowych wycieczek.Dzi\u0119ki odblaskowym elementom \u015bwietnie nadaje si\u0119 do oznaczenia grupy z przodu i z ty\u0142u kolumny.<\/p>\n","protected":false},"featured_media":1334,"comment_status":"closed","ping_status":"closed","template":"","meta":[],"product_cat":[153,154],"product_tag":[164],"_links":{"self":[{"href":"https:\/\/bezpieczneprzedszkole.com.pl\/index.php\/wp-json\/wp\/v3\/product\/1333"}],"collection":[{"href":"https:\/\/bezpieczneprzedszkole.com.pl\/index.php\/wp-json\/wp\/v3\/product"}],"about":[{"href":"https:\/\/bezpieczneprzedszkole.com.pl\/index.php\/wp-json\/wp\/v2\/types\/product"}],"replies":[{"embeddable":true,"href":"https:\/\/bezpieczneprzedszkole.com.pl\/index.php\/wp-json\/wp\/v2\/comments?post=1333"}],"wp:featuredmedia":[{"embeddable":true,"href":"https:\/\/bezpieczneprzedszkole.com.pl\/index.php\/wp-json\/wp\/v2\/media\/1334"}],"wp:attachment":[{"href":"https:\/\/bezpieczneprzedszkole.com.pl\/index.php\/wp-json\/wp\/v2\/media?parent=1333"}],"wp:term":[{"taxonomy":"product_cat","embeddable":true,"href":"https:\/\/bezpieczneprzedszkole.com.pl\/index.php\/wp-json\/wp\/v2\/product_cat?post=1333"},{"taxonomy":"product_tag","embeddable":true,"href":"https:\/\/bezpieczneprzedszkole.com.pl\/index.php\/wp-json\/wp\/v2\/product_tag?post=1333"}],"curies":[{"name":"wp","href":"https:\/\/api.w.org\/{rel}","templated":true}]}}