{"id":1332,"date":"2017-12-30T07:18:18","date_gmt":"2017-12-30T06:18:18","guid":{"rendered":"http:\/\/bezpieczneprzedszkole.com\/?post_type=product&#038;p=1332"},"modified":"2017-12-30T07:43:29","modified_gmt":"2017-12-30T06:43:29","slug":"indeks-bezpiecznego-przedszkolaka","status":"publish","type":"product","link":"https:\/\/bezpieczneprzedszkole.com.pl\/index.php\/produkt\/indeks-bezpiecznego-przedszkolaka\/","title":{"rendered":"Indeks Bezpiecznego Przedszkolaka"},"content":{"rendered":"<p>Indeks jest formatu prawdziwego studenckiego indeksu, ma tward\u0105 ok\u0142adk\u0119 (papier kreda 356 g), ma miejsce na zdj\u0119cie i wpisanie imienia i nazwiska. Podzielony jest na trzy cz\u0119\u015bci: \u201esamodzielny przedszkolak\u201d, \u201euczestnik ruchu drogowego\u201d \u201ema\u0142y ratownik\u201d . Integraln\u0105 cz\u0119\u015bci\u0105 Indeksu jest komplet 21 naklejek, kt\u00f3re dziecko wkleja w odpowiednie kratki, po opanowaniu okre\u015blonej czynno\u015bci;<br \/>\nSamodzielny Przedszkolak: Potrafi\u0119 korzysta\u0107 z toalety, Sam si\u0119 ubieram, Jem samodzielnie, Potrafi\u0119 schodzi\u0107 po schodach, Myj\u0119 z\u0119by, Sprz\u0105tam po zabawie, Jestem sprawny &#8211; lubi\u0119 \u0107wiczy\u0107, Potrafi\u0119 nakry\u0107 do sto\u0142u, Potrafi\u0119 zawi\u0105za\u0107 buty, Nie boj\u0119 si\u0119 lekarza, Potrafi\u0119 bawi\u0107 si\u0119 z innymi dzie\u0107mi.<br \/>\nUczestnik ruchu drogowego: Je\u017cd\u017c\u0119 w foteliku, Nosz\u0119 znaczek odblaskowy, Umiem przechodzi\u0107 przez ulic\u0119, Znam znaki drogowe, Je\u017cd\u017c\u0119 bezpiecznie rowerem<br \/>\nMa\u0142y ratownik: Wiem jak zachowa\u0107 si\u0119 podczas po\u017caru, Znam sw\u00f3j adres i nazwisko &#8211; wiem komu je powiedzie\u0107, Znam numery alarmowe, Wiem jak si\u0119 zachowa\u0107 gdy zobacz\u0119 wypadek.    <\/p>\n","protected":false},"excerpt":{"rendered":"<p>Indeks jest formatu prawdziwego studenckiego indeksu, ma tward\u0105 ok\u0142adk\u0119 (papier kreda 356 g), ma miejsce na zdj\u0119cie i wpisanie imienia i nazwiska. Podzielony jest na trzy cz\u0119\u015bci: \u201esamodzielny przedszkolak\u201d, \u201euczestnik ruchu drogowego\u201d \u201ema\u0142y ratownik\u201d . Integraln\u0105 cz\u0119\u015bci\u0105 Indeksu jest komplet 21 naklejek, kt\u00f3re dziecko wkleja w odpowiednie kratki, po opanowaniu okre\u015blonej czynno\u015bci;<br \/>\nSamodzielny Przedszkolak: Potrafi\u0119 korzysta\u0107 z toalety, Sam si\u0119 ubieram, Jem samodzielnie, Potrafi\u0119 schodzi\u0107 po schodach, Myj\u0119 z\u0119by, Sprz\u0105tam po zabawie, Jestem sprawny &#8211; lubi\u0119 \u0107wiczy\u0107, Potrafi\u0119 nakry\u0107 do sto\u0142u, Potrafi\u0119 zawi\u0105za\u0107 buty, Nie boj\u0119 si\u0119 lekarza, Potrafi\u0119 bawi\u0107 si\u0119 z innymi dzie\u0107mi.<br \/>\nUczestnik ruchu drogowego: Je\u017cd\u017c\u0119 w foteliku, Nosz\u0119 znaczek odblaskowy, Umiem przechodzi\u0107 przez ulic\u0119, Znam znaki drogowe, Je\u017cd\u017c\u0119 bezpiecznie rowerem<br \/>\nMa\u0142y ratownik: Wiem jak zachowa\u0107 si\u0119 podczas po\u017caru, Znam sw\u00f3j adres i nazwisko &#8211; wiem komu je powiedzie\u0107, Znam numery alarmowe, Wiem jak si\u0119 zachowa\u0107 gdy zobacz\u0119 wypadek.<\/p>\n","protected":false},"featured_media":1343,"comment_status":"closed","ping_status":"closed","template":"","meta":[],"product_cat":[153,154],"product_tag":[163],"_links":{"self":[{"href":"https:\/\/bezpieczneprzedszkole.com.pl\/index.php\/wp-json\/wp\/v3\/product\/1332"}],"collection":[{"href":"https:\/\/bezpieczneprzedszkole.com.pl\/index.php\/wp-json\/wp\/v3\/product"}],"about":[{"href":"https:\/\/bezpieczneprzedszkole.com.pl\/index.php\/wp-json\/wp\/v2\/types\/product"}],"replies":[{"embeddable":true,"href":"https:\/\/bezpieczneprzedszkole.com.pl\/index.php\/wp-json\/wp\/v2\/comments?post=1332"}],"wp:featuredmedia":[{"embeddable":true,"href":"https:\/\/bezpieczneprzedszkole.com.pl\/index.php\/wp-json\/wp\/v2\/media\/1343"}],"wp:attachment":[{"href":"https:\/\/bezpieczneprzedszkole.com.pl\/index.php\/wp-json\/wp\/v2\/media?parent=1332"}],"wp:term":[{"taxonomy":"product_cat","embeddable":true,"href":"https:\/\/bezpieczneprzedszkole.com.pl\/index.php\/wp-json\/wp\/v2\/product_cat?post=1332"},{"taxonomy":"product_tag","embeddable":true,"href":"https:\/\/bezpieczneprzedszkole.com.pl\/index.php\/wp-json\/wp\/v2\/product_tag?post=1332"}],"curies":[{"name":"wp","href":"https:\/\/api.w.org\/{rel}","templated":true}]}}