{"id":1329,"date":"2017-12-30T07:16:09","date_gmt":"2017-12-30T06:16:09","guid":{"rendered":"http:\/\/bezpieczneprzedszkole.com\/?post_type=product&#038;p=1329"},"modified":"2017-12-30T07:48:26","modified_gmt":"2017-12-30T06:48:26","slug":"flandra-10-metrow","status":"publish","type":"product","link":"https:\/\/bezpieczneprzedszkole.com.pl\/index.php\/produkt\/flandra-10-metrow\/","title":{"rendered":"Flandra 10 metr\u00f3w"},"content":{"rendered":"<p>Flandra, czyli zestaw kolorowych chor\u0105giewek z logiem Bezpiecznego Przedszkola i Waszym! Chor\u0105giewki wyci\u0119te laserowo z cienkiego poliestru.R\u0119cznie naszywane na bawe\u0142nian\u0105 ta\u015bm\u0119, dzi\u0119ki czemu s\u0105 niezwykle odporne na zerwanie, prucie itp. D\u0142ugo\u015b\u0107 10 metr\u00f3w. \u015awietnie nadaje si\u0119 do oddzielania przestrzeni podczas festyn\u00f3w, akademii,teatrzyk\u00f3w itp.Mo\u017cliwo\u015b\u0107 bezp\u0142atnego nadruku loga przedszkola, przez co flandra stanie si\u0119 wyj\u0105tkowa.    <\/p>\n","protected":false},"excerpt":{"rendered":"<p>Flandra, czyli zestaw kolorowych chor\u0105giewek z logiem Bezpiecznego Przedszkola i Waszym!Chor\u0105giewki wyci\u0119te laserowo z cienkiego poliestru.R\u0119cznie naszywane na bawe\u0142nian\u0105 ta\u015bm\u0119, dzi\u0119ki czemu s\u0105 niezwykle odporne na zerwanie, prucie itp. D\u0142ugo\u015b\u0107 10 metr\u00f3w. \u015awietnie nadaje si\u0119 do oddzielania przestrzeni podczas festyn\u00f3w, akademii,teatrzyk\u00f3w itp.Mo\u017cliwo\u015b\u0107 bezp\u0142atnego nadruku loga przedszkola, przez co flandra stanie si\u0119 wyj\u0105tkowa.<\/p>\n","protected":false},"featured_media":1330,"comment_status":"closed","ping_status":"closed","template":"","meta":[],"product_cat":[153,166,154],"product_tag":[162],"_links":{"self":[{"href":"https:\/\/bezpieczneprzedszkole.com.pl\/index.php\/wp-json\/wp\/v3\/product\/1329"}],"collection":[{"href":"https:\/\/bezpieczneprzedszkole.com.pl\/index.php\/wp-json\/wp\/v3\/product"}],"about":[{"href":"https:\/\/bezpieczneprzedszkole.com.pl\/index.php\/wp-json\/wp\/v2\/types\/product"}],"replies":[{"embeddable":true,"href":"https:\/\/bezpieczneprzedszkole.com.pl\/index.php\/wp-json\/wp\/v2\/comments?post=1329"}],"wp:featuredmedia":[{"embeddable":true,"href":"https:\/\/bezpieczneprzedszkole.com.pl\/index.php\/wp-json\/wp\/v2\/media\/1330"}],"wp:attachment":[{"href":"https:\/\/bezpieczneprzedszkole.com.pl\/index.php\/wp-json\/wp\/v2\/media?parent=1329"}],"wp:term":[{"taxonomy":"product_cat","embeddable":true,"href":"https:\/\/bezpieczneprzedszkole.com.pl\/index.php\/wp-json\/wp\/v2\/product_cat?post=1329"},{"taxonomy":"product_tag","embeddable":true,"href":"https:\/\/bezpieczneprzedszkole.com.pl\/index.php\/wp-json\/wp\/v2\/product_tag?post=1329"}],"curies":[{"name":"wp","href":"https:\/\/api.w.org\/{rel}","templated":true}]}}