{"id":1033,"date":"2017-12-10T13:14:33","date_gmt":"2017-12-10T12:14:33","guid":{"rendered":"http:\/\/bezpieczneprzedszkole.com\/?page_id=1033"},"modified":"2018-01-09T19:57:02","modified_gmt":"2018-01-09T18:57:02","slug":"szkolenia","status":"publish","type":"page","link":"https:\/\/bezpieczneprzedszkole.com.pl\/index.php\/szkolenia\/","title":{"rendered":"Szkolenia"},"content":{"rendered":"<p><strong>Zach\u0119camy do skorzystania z oferty szkoleniowej firmy DICTUM i Bezpiecznego Przedszkola na rok 2018<\/strong><br \/>\nZapraszamy Dyrekcj\u0119 szk\u00f3\u0142 i przedszkoli do przedstawienia naszej propozycji doskonalenia podczas posiedzenia Rady Pedagogicznej.<br \/>\nZapraszamy r\u00f3wnie\u017c do kontaktu i rozmowy na temat organizacji szkolenia.<\/p>\n<p>PROPOZYCJE WYBRANYCH SZKOLE\u0143:<br \/>\n<strong>1. Komunikacja rodzic- nauczyciel<\/strong><\/p>\n<p>Nauczyciele okre\u015bl\u0105 korzy\u015bci wyp\u0142ywaj\u0105ce z dobrej komunikacji mi\u0119dzy nimi a rodzicami; poznaj\u0105 warunki dobrej komunikacji oraz bariery utrudniaj\u0105ce; poznaj\u0105 \u201etrudne\u201d typy rodzic\u00f3w oraz sposoby radzenia sobie z nimi; poznaj\u0105 techniki aktywnego s\u0142uchania; poznaj\u0105 techniki przekazywania informacji zwrotnej; nab\u0119d\u0105 umiej\u0119tno\u015bci radzenia sobie z trudnymi postawami i zachowaniami.<\/p>\n<p><strong>2. Uk\u0142ady taneczne do wykorzystania podczas uroczysto\u015bci szkolnych lub przedszkolnych<\/strong> (Dzie\u0144 Babci i Dziadka, Dzie\u0144 Rodzic\u00f3w, zako\u0144czenie roku, festyny itp.) &#8211; warsztaty 4 godziny (nauczyciel otrzymuje gotowe uk\u0142ady taneczne z elementami ta\u0144ca towarzyskiego).<\/p>\n<p><strong>3. Warsztaty z uk\u0142ad\u00f3w tanecznych<\/strong>( taniec towarzyski , ludowy lub zumbastycne zabawy) do wykorzystania podczas zaj\u0119\u0107 ruchowych \/wychowania fizycznego.<\/p>\n<p><strong>4. Nauczyciel re\u017cyserem teatru dzieci\u0119cego<\/strong>&#8211; gotowe scenariusze na przedstawienia<\/p>\n<p><strong>5. Higiena emocjonalna<\/strong>&#8211; jak o ni\u0105 dba\u0107 u dzieci w wieku przedszkolnym?<\/p>\n<p>Zgodnie z now\u0105 podstaw\u0105 programow\u0105 wychowania przedszkolnego, jednym z zada\u0144 przedszkola jest przygotowanie dziecka do rozumienia emocji, uczu\u0107 w\u0142asnych i innych ludzi oraz dbanie o zdrowie psychiczne, realizowane mi\u0119dzy innymi<br \/>\nz wykorzystaniem naturalnych sytuacji, pojawiaj\u0105cych si\u0119 w przedszkolu oraz sytuacji zadaniowych. Jeden z czterech obszar\u00f3w, kt\u00f3re zawiera podstawa po\u015bwi\u0119cony jest w ca\u0142o\u015bci emocjom. Podczas szkolenia uczestnicy zdob\u0119d\u0105, uporz\u0105dkuj\u0105 i\/lub od\u015bwie\u017c\u0105 wiedz\u0119 z zakresu rozwijania inteligencji emocjonalnej .<\/p>\n<p><strong>6. Praca z dzieckiem trudnym<\/strong> \u2013 dzia\u0142ania wychowawcze<br \/>\nCele:<br \/>\na) Uporz\u0105dkowanie wiedzy na temat agresji:<br \/>\nb) Poznanie metody rozwi\u0105zywania konflikt\u00f3w bez pora\u017cek.<br \/>\nc) Poznanie sposob\u00f3w na roz\u0142adowanie napi\u0119\u0107.<br \/>\nd) Poznanie zabaw przeciwdzia\u0142aj\u0105cych agresji.<\/p>\n<p><strong>7. Wsp\u00f3\u0142praca z rodzicami- trening asertywno\u015bci<\/strong><br \/>\na) zapoznanie z poj\u0119ciem \u201easertywno\u015b\u0107\u201d<br \/>\nb) ustalenie osobistych cel\u00f3w udzia\u0142u w treningu asertywno\u015bci,<br \/>\nc) poznanie r\u00f3\u017cnych typ\u00f3w zachowa\u0144- pasywny, agresywny i asertywny,<br \/>\nd) ustalenie mocnych i s\u0142abych stron- autodiagnoza,<br \/>\ne) poznanie r\u00f3\u017cnorodnych technik asertywnych,<br \/>\nf) asertywna komunikacja- Komunikat Ja<\/p>\n<p><strong>8. Koncepcja pracy<\/strong>&#8211; budowanie strategii przedszkolnej lub szkolnej pod k\u0105tem potrzeb plac\u00f3wki oraz oczekiwa\u0144 rodzic\u00f3w i \u015brodowiska lokalnego<br \/>\n<strong>9. Metoda projektu i jej wykorzystanie w pracy z dzie\u0107mi<\/strong> w wieku przedszkolnym i wczesnoszkolnym<br \/>\nCele szkolenia: Zapoznanie z METOD\u0104 PROJEKTU, poznanie struktury projektu, poznanie sposob\u00f3w wykorzystania metody w pracy z dzie\u0107mi w wieku przedszkolnym i wczesnoszkolnym, poznanie przyk\u0142adowych projekt\u00f3w realizowanych w przedszkolu, tworzenie projekt\u00f3w na potrzeby w\u0142asnej plac\u00f3wki &#8211; warsztaty<\/p>\n<p><strong>10. Jak pom\u00f3c dziecku by\u0107 uczniem klasy IV ?<\/strong><br \/>\n<strong>11. Jak radzi\u0107 sobie ze stresem zawodowym w pracy nauczyciela?<\/strong><\/p>\n<p><strong>12. Drama jako jedna z technik arteterapii.<\/strong> O\u017cywianie przedmiot\u00f3w i praca z lalk\u0105.<br \/>\nNa warsztatach pokazujemy wiele zabaw dramowych,\u00a0 uczymy\u00a0 jak pobudza\u0107 wyobra\u017ani\u0119 swoj\u0105 i dzieci\u00a0 przy pomocy przedmiot\u00f3w z najbli\u017cszego otoczenia, pokazujemy podstawowe metody sztuki lalkarskiej, kt\u00f3re pomog\u0105 Wam przeprowadzi\u0107 zaj\u0119cia przy pomocy lalki typu muppet, pacynki, a nawet pluszowego misia.<\/p>\n<p><strong>13. Wymaluj emocje- plastyczne warsztaty z arteterapii<\/strong>.<br \/>\nNa warsztatach poznacie wiele technik plastycznych, kt\u00f3re nadaj\u0105 si\u0119 dla dzieci od 3 roku \u017cycia. Metoda kulkowa, cukrowa, monotypia, mandale, wszelkiego rodzaju kola\u017ce, wydzieranki, zabawa z tkanin\u0105 i form\u0105 przestrzenn\u0105 to tylko niekt\u00f3re z metod, dzi\u0119ki kt\u00f3rym zach\u0119cisz dzieci do wsp\u00f3lnej zabawy i swobodnego wyra\u017cenia uczu\u0107.<\/p>\n<p><strong>14. Budowanie profesjonalnego wizerunku nauczyciela<\/strong>. Jak okie\u0142zna\u0107 stres zwi\u0105zany z wyst\u0105pieniami publicznymi?<\/p>\n<p><strong>15. Ochrona danych osobowych w o\u015bwiacie<\/strong><\/p>\n<p><strong>16. Inwentaryzacja w o\u015bwiacie<\/strong><\/p>\n<p><strong>17. Kontrola zarz\u0105dcza w o\u015bwiacie<\/strong><\/p>\n<p><strong>18. Zaburzenia przetwarzania sensorycznego- diagnoza i post\u0119powanie<\/strong><\/p>\n<p><strong>19.Gry i zabawy dla dzieci z zaburzeniami przetwarzania sensorycznego<\/strong><\/p>\n<p><strong>20. Szkolenie z programu Anny Cie\u015blik i Agaty Gabrysz \u201eMoje emocje\u201d<\/strong><\/p>\n<p>Jeste\u015bmy otwarci na Pa\u0144stwa propozycje\u2013 zgodne z potrzebami plac\u00f3wki zorganizujemy szkolenie na interesuj\u0105cy Pa\u0144stwa temat.<br \/>\nWarunki organizacji &#8211; do uzgodnienia. Szkolimy w systemie otwartym i zamkni\u0119tym (rady pedagogiczne).<\/p>\n<p>O firmie: Dictum to rodzinna firma szkoleniowa. Na rynku istniejemy od 2010 roku. Jeste\u015bmy r\u00f3wnie\u017c koordynatorem og\u00f3lnopolskiego programu edukacyjnego Bezpieczne Przedszkole. Zawsze staramy si\u0119 przygotowa\u0107 jak najlepsze szkolenie za dostosowan\u0105 do mo\u017cliwo\u015bci plac\u00f3wki cen\u0119.<\/p>\n<p>Kontakt: Agata Gabrysz tel. 693178166, e-mail : gabrysz.agata@gmail.com ;<br \/>\nPiotr Gabrysz tel. 601\u00a0502\u00a0002, e-mail: piotr.gabrysz@diktum.pl<br \/>\nDictum Agata Gabrysz ul. S\u0142awi\u0119cicka 2\/3 47-230 K\u0119dzierzyn- Ko\u017ale<br \/>\nNasze strony: www.diktum.pl; www.bezpieczneprzedszkole.com; www.bezpiecznaszkola.info<\/p>\n<p>&nbsp;    <\/p>\n","protected":false},"excerpt":{"rendered":"<p>Zach\u0119camy do skorzystania z oferty szkoleniowej firmy DICTUM i Bezpiecznego Przedszkola na rok 2018 Zapraszamy Dyrekcj\u0119 szk\u00f3\u0142 i przedszkoli do przedstawienia naszej propozycji doskonalenia podczas posiedzenia Rady Pedagogicznej. Zapraszamy r\u00f3wnie\u017c do kontaktu i rozmowy na temat organizacji szkolenia. PROPOZYCJE WYBRANYCH SZKOLE\u0143: 1. Komunikacja rodzic- nauczyciel Nauczyciele okre\u015bl\u0105 korzy\u015bci wyp\u0142ywaj\u0105ce z dobrej komunikacji mi\u0119dzy nimi a [&hellip;]<\/p>\n","protected":false},"author":1,"featured_media":1400,"parent":0,"menu_order":0,"comment_status":"closed","ping_status":"closed","template":"","meta":[],"_links":{"self":[{"href":"https:\/\/bezpieczneprzedszkole.com.pl\/index.php\/wp-json\/wp\/v2\/pages\/1033"}],"collection":[{"href":"https:\/\/bezpieczneprzedszkole.com.pl\/index.php\/wp-json\/wp\/v2\/pages"}],"about":[{"href":"https:\/\/bezpieczneprzedszkole.com.pl\/index.php\/wp-json\/wp\/v2\/types\/page"}],"author":[{"embeddable":true,"href":"https:\/\/bezpieczneprzedszkole.com.pl\/index.php\/wp-json\/wp\/v2\/users\/1"}],"replies":[{"embeddable":true,"href":"https:\/\/bezpieczneprzedszkole.com.pl\/index.php\/wp-json\/wp\/v2\/comments?post=1033"}],"version-history":[{"count":4,"href":"https:\/\/bezpieczneprzedszkole.com.pl\/index.php\/wp-json\/wp\/v2\/pages\/1033\/revisions"}],"predecessor-version":[{"id":1399,"href":"https:\/\/bezpieczneprzedszkole.com.pl\/index.php\/wp-json\/wp\/v2\/pages\/1033\/revisions\/1399"}],"wp:featuredmedia":[{"embeddable":true,"href":"https:\/\/bezpieczneprzedszkole.com.pl\/index.php\/wp-json\/wp\/v2\/media\/1400"}],"wp:attachment":[{"href":"https:\/\/bezpieczneprzedszkole.com.pl\/index.php\/wp-json\/wp\/v2\/media?parent=1033"}],"curies":[{"name":"wp","href":"https:\/\/api.w.org\/{rel}","templated":true}]}}