{"id":1027,"date":"2017-12-10T13:00:55","date_gmt":"2017-12-10T12:00:55","guid":{"rendered":"http:\/\/bezpieczneprzedszkole.com\/?page_id=1027"},"modified":"2019-07-09T19:22:04","modified_gmt":"2019-07-09T17:22:04","slug":"o-programie","status":"publish","type":"page","link":"https:\/\/bezpieczneprzedszkole.com.pl\/index.php\/o-programie\/","title":{"rendered":"O programie"},"content":{"rendered":"<p><strong><img decoding=\"async\" loading=\"lazy\" class=\"size-full wp-image-1030 alignleft\" src=\"http:\/\/bezpieczneprzedszkole.com\/wp-content\/uploads\/2017\/12\/oprogramie.jpg\" alt=\"\" width=\"194\" height=\"203\" \/><\/strong><\/p>\n<p><strong>Skoro zdrowe \u017cycie i bezpiecze\u0144stwo stanowi dla ka\u017cdego cz\u0142owieka najwi\u0119ksz\u0105 warto\u015b\u0107, to dlaczego sami dla siebie stanowimy najwi\u0119ksze zagro\u017cenie?<\/strong><\/p>\n<p>Wi\u0119kszo\u015b\u0107 wypadk\u00f3w na drogach wynika z nieprzestrzegania przepis\u00f3w ruchu drogowego i braku przewidywania skutk\u00f3w naszego post\u0119powania. Podobnie jest w przypadku po\u017car\u00f3w, kt\u00f3re s\u0105 spowodowane bezmy\u015blno\u015bci\u0105 ludzi. Sami niszczymy w\u0142asne zdrowie poprzez niew\u0142a\u015bciwe nawyki \u017cywieniowe, brak ruchu, siedzenie przed telewizorem lub komputerem, s\u0142uchanie g\u0142o\u015bnej muzyki czy stosowane r\u00f3\u017cnego typu u\u017cywek. Czy nie mo\u017cemy tego zmieni\u0107? Oczywi\u015bcie, \u017ce mo\u017cemy, ale nale\u017cy zacz\u0105\u0107 ju\u017c od bardzo ma\u0142ych dzieci, <strong>gdy\u017c w\u0142a\u015bciwe nawyki i zachowania nale\u017cy wdra\u017ca\u0107 przez ca\u0142y okres dzieci\u0144stwa, aby zaowocowa\u0142o to w \u017cyciu doros\u0142ym<\/strong>.<br \/>\nProgram \u201e<strong>Bezpieczne przedszkole<\/strong>\u201d skierowany jest zar\u00f3wno do dzieci jak i do rodzic\u00f3w, pracownik\u00f3w przedszkola oraz r\u00f3\u017cnych instytucji odpowiedzialnych za nasze bezpiecze\u0144stwo. Powsta\u0142 na bazie do\u015bwiadcze\u0144 w pracy dydaktyczno- wychowawczej, w oparciu o literatur\u0119 oraz wsp\u00f3\u0142prac\u0119 z rodzicami i \u015brodowiskiem. Realizacja zada\u0144 wynikaj\u0105cych z podstawy programowej wychowania przedszkolnego wymaga od nauczyciela podejmowania dzia\u0142a\u0144 wspomagaj\u0105cych rozw\u00f3j dziecka zar\u00f3wno w sferze fizycznej, emocjonalnej jak te\u017c umys\u0142owej i spo\u0142ecznej.<br \/>\nW ka\u017cdym przedszkolu bezpiecze\u0144stwo dzieci by\u0142o, jest i b\u0119dzie najistotniejsz\u0105 spraw\u0105. Zdrowie, \u017cycie i bezpiecze\u0144stwo dzieci stanowi warto\u015b\u0107 o kt\u00f3r\u0105 troszcz\u0105 si\u0119 wsp\u00f3lnie rodzice, nauczyciele a tak\u017ce r\u00f3\u017cnego typu organizacje.<br \/>\nAby w\u0142a\u015bciwie przygotowa\u0107 dziecko do roli pieszego czy pasa\u017cera nale\u017cy w nim wyzwala\u0107 umiej\u0119tno\u015b\u0107 wsp\u00f3\u0142\u017cycia z lud\u017ami (\u017cyczliwo\u015b\u0107, zrozumienie i poszanowanie potrzeb innych), zdolno\u015b\u0107 kierowania i podporz\u0105dkowania w zale\u017cno\u015bci od sytuacji, s\u0142uchania polece\u0144, wdra\u017cania do utrzymywania porz\u0105dku, troszczenia si\u0119 o s\u0142abszych, rozwijania refleksu oraz koncentracji.<\/p>\n<p>Bardzo wa\u017cne jest uwra\u017cliwienie dzieci na niebezpiecze\u0144stwo, kt\u00f3re mo\u017ce si\u0119 pojawi\u0107 w czasie zabawy, na kszta\u0142towanie umiej\u0119tno\u015bci przewidywania skutk\u00f3w swoich dzia\u0142a\u0144, promowanie pomys\u0142\u00f3w na bezpieczne sp\u0119dzanie wolnego czasu, pomoc dzieciom w rozumieniu regu\u0142 i norm niezb\u0119dnych do prawid\u0142owego funkcjonowania w kontaktach z innymi lud\u017ami.<\/p>\n<p><strong>Wiek przedszkolny jest najbardziej w\u0142a\u015bciwy do wyrabiania u dzieci umiej\u0119tno\u015bci i nawyk\u00f3w a osi\u0105gni\u0119cie znacz\u0105cych efekt\u00f3w, kszta\u0142towanie w\u0142a\u015bciwych postaw dzieci wobec problem\u00f3w bezpiecze\u0144stwa wymaga dzia\u0142a\u0144 systematycznych i d\u0142ugofalowych.<\/strong><\/p>\n<p><em>Agata Gabrysz i Aleksandra Baraniak<\/em><\/p>\n<p><strong><img decoding=\"async\" loading=\"lazy\" class=\"alignnone size-medium wp-image-1029 alignleft\" src=\"http:\/\/bezpieczneprzedszkole.com\/wp-content\/uploads\/2017\/12\/oprogramie2-300x225.jpg\" alt=\"\" width=\"300\" height=\"225\" srcset=\"https:\/\/bezpieczneprzedszkole.com.pl\/wp-content\/uploads\/2017\/12\/oprogramie2-300x225.jpg 300w, https:\/\/bezpieczneprzedszkole.com.pl\/wp-content\/uploads\/2017\/12\/oprogramie2-768x576.jpg 768w, https:\/\/bezpieczneprzedszkole.com.pl\/wp-content\/uploads\/2017\/12\/oprogramie2-1024x768.jpg 1024w, https:\/\/bezpieczneprzedszkole.com.pl\/wp-content\/uploads\/2017\/12\/oprogramie2-1170x878.jpg 1170w, https:\/\/bezpieczneprzedszkole.com.pl\/wp-content\/uploads\/2017\/12\/oprogramie2-870x653.jpg 870w, https:\/\/bezpieczneprzedszkole.com.pl\/wp-content\/uploads\/2017\/12\/oprogramie2-390x293.jpg 390w, https:\/\/bezpieczneprzedszkole.com.pl\/wp-content\/uploads\/2017\/12\/oprogramie2-370x278.jpg 370w\" sizes=\"(max-width: 300px) 100vw, 300px\" \/>Tre\u015b\u0107 i struktura programu<\/strong><\/p>\n<p>Program zawiera tre\u015bci z nowej podstawy programowej a g\u0142\u00f3wny nacisk k\u0142adzie na zdrowie i bezpiecze\u0144stwo.<br \/>\nPoni\u017cej przedstawiamy obszary z podstawy programowej, na kt\u00f3re po\u0142o\u017cony jest g\u0142\u00f3wny nacisk:<\/p>\n<p><strong>Kszta\u0142towanie umiej\u0119tno\u015bci spo\u0142ecznych dzieci: porozumiewania si\u0119 z doros\u0142ymi i dzie\u0107mi, zgodne funkcjonowanie w zabawie i w sytuacjach zadaniowych:<br \/>\n<\/strong><br \/>\nobdarza uwag\u0105 dzieci i doros\u0142ych, aby zrozumie\u0107 to, co m\u00f3wi\u0105 i czego oczekuj\u0105 ; grzecznie zwraca si\u0119 do innych w domu, w przedszkolu, na ulicy;<br \/>\nprzestrzega regu\u0142 obowi\u0105zuj\u0105cych w spo\u0142eczno\u015bci dzieci\u0119cej ( stara si\u0119 wsp\u00f3\u0142dzia\u0142a\u0107 w zabawach i sytuacjach zadaniowych) oraz w \u015bwiecie doros\u0142ych;<br \/>\nw miar\u0119 samodzielnie radzi sobie w sytuacjach \u017cyciowych i pr\u00f3buje przewidywa\u0107 skutki swojego zachowania;<br \/>\numie si\u0119 przedstawi\u0107: podaje swoje imi\u0119, nazwisko i adres zamieszkania; wie, komu mo\u017cna podawa\u0107 takie informacje.<\/p>\n<p><strong>Kszta\u0142towanie czynno\u015bci samoobs\u0142ugowych, nawyk\u00f3w higienicznych i kulturalnych. Wdra\u017canie dzieci do utrzymania \u0142adu i porz\u0105dku.<\/strong><\/p>\n<ul>\n<li>umie poprawnie umy\u0107 si\u0119 i wytrze\u0107 oraz umy\u0107 z\u0119by;<\/li>\n<li>w\u0142a\u015bciwie zachowuje si\u0119 przy stole podczas posi\u0142k\u00f3w, nakrywa do sto\u0142u i sprz\u0105ta po sobie;<\/li>\n<li>samodzielnie korzysta z toalety;<\/li>\n<li>samodzielnie ubiera si\u0119 i rozbiera, dba o rzeczy osobiste i nie nara\u017ca ich na zgubienie lub kradzie\u017c;<\/li>\n<li>utrzymuje porz\u0105dek w swoim otoczeniu<\/li>\n<\/ul>\n<p><strong>Wychowanie zdrowotne i kszta\u0142towanie sprawno\u015bci fizycznej dzieci. Dziecko ko\u0144cz\u0105ce przedszkole i rozpoczynaj\u0105ce nauk\u0119 w szkole:<\/strong><\/p>\n<ul>\n<li>dba o swoje zdrowie; zaczyna orientowa\u0107 si\u0119 w zasadach zdrowego \u017cywienia;<\/li>\n<li>dostrzega zwi\u0105zek pomi\u0119dzy chorob\u0105 a leczeniem, poddaje si\u0119 leczeniu, np. wie, \u017ce przyjmowanie lekarstw i zastrzyki s\u0105 konieczne;<\/li>\n<li>jest sprawne fizycznie lub jest sprawne w miar\u0119 swoich mo\u017cliwo\u015bci, je\u017celi jest dzieckiem mniej sprawnym ruchowo;<\/li>\n<li>uczestniczy w zaj\u0119ciach ruchowych, w zabawach i grach w ogrodzie przedszkolnym, w parku, na boisku, w sali gimnastyczne .<\/li>\n<\/ul>\n<p><strong>Wdra\u017canie dzieci do dba\u0142o\u015bci o bezpiecze\u0144stwo w\u0142asne oraz innych. Dziecko ko\u0144cz\u0105ce przedszkole i rozpoczynaj\u0105ce nauk\u0119 w szkole podstawowej:<\/strong><\/p>\n<ul>\n<li>wie jak nale\u017cy zachowa\u0107 si\u0119 w sytuacji zagro\u017cenia i gdzie mo\u017cna poprosi\u0107 o pomoc, umie o ni\u0105 poprosi\u0107;<\/li>\n<li>orientuje si\u0119 w bezpiecznym poruszaniu si\u0119 po drogach i korzystania ze \u015brodk\u00f3w transportu;<\/li>\n<li>zna zagro\u017cenia p\u0142yn\u0105ce ze \u015bwiata ludzi, ro\u015blin oraz zwierz\u0105t i unika ich;<\/li>\n<li>wie, \u017ce nie mo\u017ce samodzielnie za\u017cywa\u0107 lekarstw i stosowa\u0107 \u015brodk\u00f3w chemicznych (np. \u015brodk\u00f3w czysto\u015bci);<\/li>\n<li>pr\u00f3buje samodzielnie i bezpiecznie organizowa\u0107 sobie czas wolny w przedszkolu i w domu;<\/li>\n<li>ma rozeznanie, gdzie mo\u017cna si\u0119 samodzielnie bawi\u0107, a gdzie nie;<\/li>\n<\/ul>\n<p><strong>Pomaganie dzieciom w rozumieniu istoty zjawisk atmosferycznych i w unikaniu zagro\u017ce\u0144. Dziecko ko\u0144cz\u0105ce przedszkole i rozpoczynaj\u0105ce nauk\u0119 w szkole podstawowej:<\/strong><\/p>\n<ul>\n<li>rozpoznaje i nazywa zjawiska atmosferyczne charakterystyczne dla poszczeg\u00f3lnych p\u00f3r roku;<\/li>\n<li>podejmuje rozs\u0105dne decyzje i nie nara\u017ca si\u0119 na niebezpiecze\u0144stwo wynikaj\u0105ce z pogody, np. nie stoi pod drzewem w czasie burzy, nie zdejmuje czapki w mro\u017an\u0105 pogod\u0119<\/li>\n<li>wie, o czym m\u00f3wi osoba zapowiadaj\u0105ca pogod\u0119 w radio i w telewizji, np. \u017ce b\u0119dzie pada\u0142 deszcz, \u015bnieg, wia\u0142 wiatr, stosuje si\u0119 do podawanych informacji w miar\u0119 swoich mo\u017cliwo\u015bci<\/li>\n<\/ul>\n<p><strong>Wychowanie rodzinne, obywatelskie i patriotyczne.<\/strong><\/p>\n<ul>\n<li>wymienia imiona i nazwiska os\u00f3b bliskich, wie, gdzie pracuj\u0105, czym si\u0119 zajmuj\u0105;<\/li>\n<li>zna nazw\u0119 miejscowo\u015bci, w kt\u00f3rej mieszka, zna wa\u017cniejsze instytucje i orientuje si\u0119 w rolach spo\u0142ecznych pe\u0142nionych przez wa\u017cne osoby, np. stra\u017cak, policjant;<\/li>\n<\/ul>\n","protected":false},"excerpt":{"rendered":"<p>Skoro zdrowe \u017cycie i bezpiecze\u0144stwo stanowi dla ka\u017cdego cz\u0142owieka najwi\u0119ksz\u0105 warto\u015b\u0107, to dlaczego sami dla siebie stanowimy najwi\u0119ksze zagro\u017cenie? Wi\u0119kszo\u015b\u0107 wypadk\u00f3w na drogach wynika z nieprzestrzegania przepis\u00f3w ruchu drogowego i braku przewidywania skutk\u00f3w naszego post\u0119powania. Podobnie jest w przypadku po\u017car\u00f3w, kt\u00f3re s\u0105 spowodowane bezmy\u015blno\u015bci\u0105 ludzi. Sami niszczymy w\u0142asne zdrowie poprzez niew\u0142a\u015bciwe nawyki \u017cywieniowe, brak ruchu, [&hellip;]<\/p>\n","protected":false},"author":1,"featured_media":0,"parent":0,"menu_order":0,"comment_status":"closed","ping_status":"closed","template":"","meta":[],"_links":{"self":[{"href":"https:\/\/bezpieczneprzedszkole.com.pl\/index.php\/wp-json\/wp\/v2\/pages\/1027"}],"collection":[{"href":"https:\/\/bezpieczneprzedszkole.com.pl\/index.php\/wp-json\/wp\/v2\/pages"}],"about":[{"href":"https:\/\/bezpieczneprzedszkole.com.pl\/index.php\/wp-json\/wp\/v2\/types\/page"}],"author":[{"embeddable":true,"href":"https:\/\/bezpieczneprzedszkole.com.pl\/index.php\/wp-json\/wp\/v2\/users\/1"}],"replies":[{"embeddable":true,"href":"https:\/\/bezpieczneprzedszkole.com.pl\/index.php\/wp-json\/wp\/v2\/comments?post=1027"}],"version-history":[{"count":4,"href":"https:\/\/bezpieczneprzedszkole.com.pl\/index.php\/wp-json\/wp\/v2\/pages\/1027\/revisions"}],"predecessor-version":[{"id":1972,"href":"https:\/\/bezpieczneprzedszkole.com.pl\/index.php\/wp-json\/wp\/v2\/pages\/1027\/revisions\/1972"}],"wp:attachment":[{"href":"https:\/\/bezpieczneprzedszkole.com.pl\/index.php\/wp-json\/wp\/v2\/media?parent=1027"}],"curies":[{"name":"wp","href":"https:\/\/api.w.org\/{rel}","templated":true}]}}